{"id":174,"date":"2022-11-20T15:57:00","date_gmt":"2022-11-20T15:57:00","guid":{"rendered":"https:\/\/oneexample.com\/?page_id=174"},"modified":"2023-05-19T14:59:18","modified_gmt":"2023-05-19T14:59:18","slug":"domaines-cryptographiques","status":"publish","type":"page","link":"https:\/\/oneexample.com\/fr_fr\/domaines-cryptographiques\/","title":{"rendered":"Les 9 meilleurs domaines CRYPTO"},"content":{"rendered":"<p>Poss\u00e9der un domaine CRYPTO sur le WEB3 n'a jamais \u00e9t\u00e9 aussi facile.<\/p>\n\n\n\n<div class=\"wp-block-uagb-image uagb-block-fb175adb wp-block-uagb-image--layout-default wp-block-uagb-image--effect-static wp-block-uagb-image--align-none\"><figure class=\"wp-block-uagb-image__figure\"><a class=\"\" href=\"https:\/\/unstoppabledomains.com\/?ref=36ca4c907ed148c\" target=\"\" rel=\"noopener\"><img decoding=\"async\" data-srcset=\"https:\/\/oneexample.com\/wp-content\/uploads\/2022\/11\/logo-unstoppable-domains.png\" data-sizes=\"auto, (max-width: 480px) 150px\" data-src=\"https:\/\/oneexample.com\/wp-content\/uploads\/2022\/11\/logo-unstoppable-domains.png\" alt=\"domaines cryptographiques\" class=\"uag-image-175 lazyload\" width=\"235\" height=\"63\" title=\"\" src=\"data:image\/svg+xml;base64,PHN2ZyB3aWR0aD0iMSIgaGVpZ2h0PSIxIiB4bWxucz0iaHR0cDovL3d3dy53My5vcmcvMjAwMC9zdmciPjwvc3ZnPg==\" style=\"--smush-placeholder-width: 235px; --smush-placeholder-aspect-ratio: 235\/63;\" \/><\/a><\/figure><\/div>\n\n\n\n<p style=\"margin-top:0;margin-right:0;margin-bottom:0;margin-left:0\">Avec <a href=\"https:\/\/unstoppabledomains.com\/?ref=36ca4c907ed148c\" target=\"_blank\" rel=\"noreferrer noopener nofollow sponsored\"><strong>Domaines non utilisables<\/strong><\/a>Tu peux acheter ton domaine, et quand tu le feras, <strong>tu la poss\u00e8des \u00e0 vie. - Pas de frais de renouvellement.<\/strong> - C'est \u00e7a !<\/p>\n\n\n\n<div class=\"wp-block-uagb-advanced-heading uagb-block-9f781b31\"><h3 class=\"uagb-heading-text\"><strong>Quels sont les domaines cryptographiques disponibles ?<\/strong><\/h3><\/div>\n\n\n\n<p class=\"has-medium-font-size\"><strong><a href=\"https:\/\/unstoppabledomains.com\/?ref=36ca4c907ed148c\" target=\"_blank\" rel=\"noreferrer noopener nofollow sponsored\">.888<\/a>  <a href=\"https:\/\/unstoppabledomains.com\/?ref=36ca4c907ed148c\" target=\"_blank\" rel=\"noreferrer noopener nofollow sponsored\">.bitcoin<\/a>  <a href=\"https:\/\/unstoppabledomains.com\/?ref=36ca4c907ed148c\" target=\"_blank\" rel=\"noreferrer noopener nofollow sponsored\">.blockchain<\/a>  <a href=\"https:\/\/unstoppabledomains.com\/?ref=36ca4c907ed148c\" target=\"_blank\" rel=\"noreferrer noopener nofollow sponsored\">.crypto<\/a>  <a href=\"https:\/\/unstoppabledomains.com\/?ref=36ca4c907ed148c\" target=\"_blank\" rel=\"noreferrer noopener nofollow sponsored\">.dao<\/a>  <a href=\"https:\/\/unstoppabledomains.com\/?ref=36ca4c907ed148c\" target=\"_blank\" rel=\"noreferrer noopener nofollow sponsored\">.nft<\/a>  <a href=\"https:\/\/unstoppabledomains.com\/?ref=36ca4c907ed148c\" target=\"_blank\" data-type=\"URL\" data-id=\"https:\/\/unstoppabledomains.com\/?ref=36ca4c907ed148c\" rel=\"noreferrer noopener nofollow sponsored\">.portefeuille<\/a>  <a href=\"https:\/\/unstoppabledomains.com\/?ref=36ca4c907ed148c\" target=\"_blank\" rel=\"noreferrer noopener nofollow sponsored\">.x<\/a> <a href=\"https:\/\/unstoppabledomains.com\/?ref=36ca4c907ed148c\" target=\"_blank\" rel=\"noreferrer noopener nofollow sponsored\">.zil<\/a>  <\/strong><\/p>\n\n\n\n<p>Clique sur n'importe quel lien de cette page et obtiens un cr\u00e9dit de $10 sur ton premier achat de $40+ ou plus, et aide-nous \u00e0 gagner $10 (sans frais pour toi) en te montrant comment faire !<\/p>\n\n\n\n<h4 class=\"wp-block-heading\" style=\"margin-top:0;margin-right:0;margin-bottom:0;margin-left:0\"><strong>Pourquoi poss\u00e9der un domaine cryptographique ?<\/strong><\/h4>\n\n\n\n<p style=\"margin-top:0;margin-right:0;margin-bottom:0;margin-left:0\">Utilise-le pour te connecter en toute s\u00e9curit\u00e9 sur le Web 3 d\u00e9centralis\u00e9 en quelques clics sans compromettre la vie priv\u00e9e, ce qui te permet de partager des donn\u00e9es selon tes propres conditions.<\/p>\n\n\n\n<p style=\"margin-top:0;margin-right:0;margin-bottom:0;margin-left:0\">C'est le nom que tu donneras \u00e0 ton profil Web3 \u00e0 vie. Il te permet de construire ton identit\u00e9 num\u00e9rique avec les profils de domaine. V\u00e9rifie tes comptes sociaux, affiche ton avatar NFT et mets en valeur tes r\u00e9alisations.<\/p>\n\n\n\n<p style=\"margin-top:0;margin-right:0;margin-bottom:0;margin-left:0\"><strong>Un nom pour se faire payer : <\/strong>Rends l'envoi et la r\u00e9ception de crypto simple. Remplace les adresses de portefeuilles longues et compliqu\u00e9es par un seul nom facile \u00e0 lire.<\/p>\n\n\n\n<p style=\"margin-top:0;margin-right:0;margin-bottom:0;margin-left:0\"><strong>Un nom pour ton site Web3 :<\/strong> Construis un site Web3 avec un domaine que tu poss\u00e8des et contr\u00f4les enti\u00e8rement. Ton domaine t'appartient \u00e0 vie - pas de frais de renouvellement, de frais d'essence ou de frais d'h\u00e9bergement.<\/p>\n\n\n<div id=\"rank-math-faq\" class=\"rank-math-block\">\n<div class=\"rank-math-list\">\n<div id=\"faq-question-1668959856546\" class=\"rank-math-list-item\">\n<h3 class=\"rank-math-question\">O\u00f9 puis-je utiliser ou voir mon domaine cryptographique ?<\/h3>\n<div class=\"rank-math-answer\">\n<img decoding=\"async\" width=\"150\" height=\"150\" data-src=\"https:\/\/oneexample.com\/wp-content\/uploads\/2022\/11\/brave-browser-150x150.png\" class=\"alignright lazyload\" alt=\"Navigateur courageux\" src=\"data:image\/svg+xml;base64,PHN2ZyB3aWR0aD0iMSIgaGVpZ2h0PSIxIiB4bWxucz0iaHR0cDovL3d3dy53My5vcmcvMjAwMC9zdmciPjwvc3ZnPg==\" style=\"--smush-placeholder-width: 150px; --smush-placeholder-aspect-ratio: 150\/150;\" \/>\n<p>Web3 a encore un long chemin \u00e0 parcourir, et la plupart des navigateurs n'aiment pas les crypto-domaines parce qu'ils sont d\u00e9centralis\u00e9s. Cependant, il y en a un, qui est g\u00e9nial, o\u00f9 tu peux voir et naviguer avec tes domaines crypto.<\/p>\n<p><a href=\"https:\/\/brave.com\" target=\"_blank\" rel=\"noreferrer noopener nofollow\"><strong>BRAVE BROWSER<\/strong><\/a><\/p>\n<p><strong>Savais-tu que tu peux gagner de la crypto-monnaie en utilisant leur navigateur ?<br \/><\/strong>Oui, tu peux le faire.<br \/>Lorsque tu te connectes en utilisant ton domaine .crypto, tu re\u00e7ois des r\u00e9compenses, m\u00eame si elles sont petites, mais bon, quelque chose est quelque chose.<\/p>\n\n<\/div>\n<\/div>\n<\/div>\n<\/div>","protected":false},"excerpt":{"rendered":"<p>Owning a CRYPTO domain on the WEB3 has never been easier. With UnStoppable Domains, you can buy your domain, and when you do, you own it for life. &#8211; No renewal fees ever. &#8211; That\u2019s it! What are the available crypto domains? .888 .bitcoin .blockchain .crypto .dao .nft .wallet .x .zil Click any link on [&hellip;]<\/p>\n","protected":false},"author":1,"featured_media":0,"parent":0,"menu_order":0,"comment_status":"closed","ping_status":"closed","template":"","meta":{"_uag_custom_page_level_css":"","site-sidebar-layout":"default","site-content-layout":"","ast-site-content-layout":"default","site-content-style":"default","site-sidebar-style":"default","ast-global-header-display":"","ast-banner-title-visibility":"","ast-main-header-display":"","ast-hfb-above-header-display":"","ast-hfb-below-header-display":"","ast-hfb-mobile-header-display":"","site-post-title":"","ast-breadcrumbs-content":"","ast-featured-img":"","footer-sml-layout":"","ast-disable-related-posts":"","theme-transparent-header-meta":"","adv-header-id-meta":"","stick-header-meta":"","header-above-stick-meta":"","header-main-stick-meta":"","header-below-stick-meta":"","astra-migrate-meta-layouts":"default","ast-page-background-enabled":"default","ast-page-background-meta":{"desktop":{"background-color":"var(--ast-global-color-4)","background-image":"","background-repeat":"repeat","background-position":"center center","background-size":"auto","background-attachment":"scroll","background-type":"","background-media":"","overlay-type":"","overlay-color":"","overlay-opacity":"","overlay-gradient":""},"tablet":{"background-color":"","background-image":"","background-repeat":"repeat","background-position":"center center","background-size":"auto","background-attachment":"scroll","background-type":"","background-media":"","overlay-type":"","overlay-color":"","overlay-opacity":"","overlay-gradient":""},"mobile":{"background-color":"","background-image":"","background-repeat":"repeat","background-position":"center center","background-size":"auto","background-attachment":"scroll","background-type":"","background-media":"","overlay-type":"","overlay-color":"","overlay-opacity":"","overlay-gradient":""}},"ast-content-background-meta":{"desktop":{"background-color":"var(--ast-global-color-5)","background-image":"","background-repeat":"repeat","background-position":"center center","background-size":"auto","background-attachment":"scroll","background-type":"","background-media":"","overlay-type":"","overlay-color":"","overlay-opacity":"","overlay-gradient":""},"tablet":{"background-color":"var(--ast-global-color-5)","background-image":"","background-repeat":"repeat","background-position":"center center","background-size":"auto","background-attachment":"scroll","background-type":"","background-media":"","overlay-type":"","overlay-color":"","overlay-opacity":"","overlay-gradient":""},"mobile":{"background-color":"var(--ast-global-color-5)","background-image":"","background-repeat":"repeat","background-position":"center center","background-size":"auto","background-attachment":"scroll","background-type":"","background-media":"","overlay-type":"","overlay-color":"","overlay-opacity":"","overlay-gradient":""}},"footnotes":""},"class_list":["post-174","page","type-page","status-publish","hentry"],"spectra_custom_meta":{"_edit_lock":["1684508359:1"],"rank_math_internal_links_processed":["1"],"rank_math_seo_score":["76"],"_edit_last":["1"],"footer-adv-display":[null],"adv-header-id-meta":[""],"rank_math_title":["The 9 best CRYPTO Domains"],"rank_math_description":["One Example partners UnStoppable Domains. You can buy your crypto domains, and when you do, you own them for life. \u2013 No renewal fees ever. \u2013 That\u2019s it!"],"rank_math_canonical_url":["https:\/\/oneexample.com\/cryptodomains"],"rank_math_focus_keyword":["crypto domains"],"astra_style_timestamp_css":["1769732694"],"rank_math_og_content_image":["a:2:{s:5:\"check\";s:32:\"7b486beb21979b34fa774e0708760cb2\";s:6:\"images\";a:1:{i:0;i:175;}}"],"rank_math_analytic_object_id":["4"],"_uag_css_file_name":["uag-css-174.css"],"_trp_automatically_translated_slug_es_MX":["dominios-criptograficos"],"_trp_automatically_translated_slug_zh_CN":["\u52a0\u5bc6\u57df"],"_trp_automatically_translated_slug_fr_CA":["domaines-cryptographiques"],"_trp_automatically_translated_slug_it_IT":["domini-crittografici"],"_trp_automatically_translated_slug_ru_RU":["\u043a\u0440\u0438\u043f\u0442\u043e\u0432\u0430\u043b\u044e\u0442\u043d\u044b\u0435-\u0434\u043e\u043c\u0435\u043d\u044b"],"_trp_automatically_translated_slug_ar":["\u0627\u0644\u0645\u062c\u0627\u0644\u0627\u062a-\u0627\u0644\u0645\u0634\u0641\u0631\u0629"],"_trp_automatically_translated_slug_hi_IN":["\u0915\u094d\u0930\u093f\u092a\u094d\u091f\u094b-\u0921\u094b\u092e\u0947\u0928"],"_trp_automatically_translated_slug_ja":["\u6697\u53f7\u30c9\u30e1\u30a4\u30f3"],"_trp_automatically_translated_slug_de_DE":["krypto-domanen"],"_trp_automatically_translated_slug_ko_KR":["\uc554\ud638\ud654-\ub3c4\uba54\uc778"],"_trp_automatically_translated_slug_pt_BR":["dominios-criptograficos"],"_trp_automatically_translated_slug_fr_FR":["domaines-cryptographiques"],"_trp_automatically_translated_slug_fa_IR":["\u062f\u0627\u0645\u0646\u0647-\u0647\u0627\u06cc-\u06a9\u0631\u06cc\u067e\u062a\u0648"],"_trp_automatically_translated_slug_nl_NL":["cryptodomeinen"],"_trp_automatically_translated_slug_bn_BD":["\u0995\u09cd\u09b0\u09bf\u09aa\u09cd\u099f\u09cb-\u09a1\u09cb\u09ae\u09c7\u0987\u09a8"],"_trp_automatically_translated_slug_ne_NP":["\u0915\u094d\u0930\u093f\u092a\u094d\u091f\u094b-\u0921\u094b\u092e\u0947\u0928\u0939\u0930\u0942"],"_wphb_singular_css_status":["complete"],"_uagb_previous_block_counts":["a:90:{s:21:\"uagb\/advanced-heading\";i:1;s:15:\"uagb\/blockquote\";i:0;s:12:\"uagb\/buttons\";i:0;s:18:\"uagb\/buttons-child\";i:0;s:19:\"uagb\/call-to-action\";i:0;s:15:\"uagb\/cf7-styler\";i:0;s:11:\"uagb\/column\";i:0;s:12:\"uagb\/columns\";i:0;s:14:\"uagb\/container\";i:0;s:21:\"uagb\/content-timeline\";i:0;s:27:\"uagb\/content-timeline-child\";i:0;s:14:\"uagb\/countdown\";i:0;s:12:\"uagb\/counter\";i:0;s:8:\"uagb\/faq\";i:0;s:14:\"uagb\/faq-child\";i:0;s:10:\"uagb\/forms\";i:0;s:17:\"uagb\/forms-accept\";i:0;s:19:\"uagb\/forms-checkbox\";i:0;s:15:\"uagb\/forms-date\";i:0;s:16:\"uagb\/forms-email\";i:0;s:17:\"uagb\/forms-hidden\";i:0;s:15:\"uagb\/forms-name\";i:0;s:16:\"uagb\/forms-phone\";i:0;s:16:\"uagb\/forms-radio\";i:0;s:17:\"uagb\/forms-select\";i:0;s:19:\"uagb\/forms-textarea\";i:0;s:17:\"uagb\/forms-toggle\";i:0;s:14:\"uagb\/forms-url\";i:0;s:14:\"uagb\/gf-styler\";i:0;s:15:\"uagb\/google-map\";i:0;s:11:\"uagb\/how-to\";i:0;s:16:\"uagb\/how-to-step\";i:0;s:9:\"uagb\/icon\";i:0;s:14:\"uagb\/icon-list\";i:0;s:20:\"uagb\/icon-list-child\";i:0;s:10:\"uagb\/image\";i:1;s:18:\"uagb\/image-gallery\";i:0;s:13:\"uagb\/info-box\";i:0;s:18:\"uagb\/inline-notice\";i:0;s:11:\"uagb\/lottie\";i:0;s:21:\"uagb\/marketing-button\";i:0;s:10:\"uagb\/modal\";i:0;s:18:\"uagb\/popup-builder\";i:0;s:16:\"uagb\/post-button\";i:0;s:18:\"uagb\/post-carousel\";i:0;s:17:\"uagb\/post-excerpt\";i:0;s:14:\"uagb\/post-grid\";i:0;s:15:\"uagb\/post-image\";i:0;s:17:\"uagb\/post-masonry\";i:0;s:14:\"uagb\/post-meta\";i:0;s:18:\"uagb\/post-taxonomy\";i:0;s:18:\"uagb\/post-timeline\";i:0;s:15:\"uagb\/post-title\";i:0;s:20:\"uagb\/restaurant-menu\";i:0;s:26:\"uagb\/restaurant-menu-child\";i:0;s:11:\"uagb\/review\";i:0;s:12:\"uagb\/section\";i:0;s:14:\"uagb\/separator\";i:0;s:11:\"uagb\/slider\";i:0;s:17:\"uagb\/slider-child\";i:0;s:17:\"uagb\/social-share\";i:0;s:23:\"uagb\/social-share-child\";i:0;s:16:\"uagb\/star-rating\";i:0;s:23:\"uagb\/sure-cart-checkout\";i:0;s:22:\"uagb\/sure-cart-product\";i:0;s:15:\"uagb\/sure-forms\";i:0;s:22:\"uagb\/table-of-contents\";i:0;s:9:\"uagb\/tabs\";i:0;s:15:\"uagb\/tabs-child\";i:0;s:18:\"uagb\/taxonomy-list\";i:0;s:9:\"uagb\/team\";i:0;s:16:\"uagb\/testimonial\";i:0;s:14:\"uagb\/wp-search\";i:0;s:19:\"uagb\/instagram-feed\";i:0;s:10:\"uagb\/login\";i:0;s:17:\"uagb\/loop-builder\";i:0;s:18:\"uagb\/loop-category\";i:0;s:20:\"uagb\/loop-pagination\";i:0;s:15:\"uagb\/loop-reset\";i:0;s:16:\"uagb\/loop-search\";i:0;s:14:\"uagb\/loop-sort\";i:0;s:17:\"uagb\/loop-wrapper\";i:0;s:13:\"uagb\/register\";i:0;s:19:\"uagb\/register-email\";i:0;s:24:\"uagb\/register-first-name\";i:0;s:23:\"uagb\/register-last-name\";i:0;s:22:\"uagb\/register-password\";i:0;s:30:\"uagb\/register-reenter-password\";i:0;s:19:\"uagb\/register-terms\";i:0;s:22:\"uagb\/register-username\";i:0;}"],"_uag_page_assets":["a:9:{s:3:\"css\";s:5200:\".uagb-block-fb175adb.wp-block-uagb-image--layout-default figure img{box-shadow: 0px 0px 0 #00000070;}.uagb-block-fb175adb.wp-block-uagb-image .wp-block-uagb-image__figure figcaption{font-style: normal;align-self: center;}.uagb-block-fb175adb.wp-block-uagb-image--layout-overlay figure img{box-shadow: 0px 0px 0 #00000070;}.uagb-block-fb175adb.wp-block-uagb-image--layout-overlay .wp-block-uagb-image--layout-overlay__color-wrapper{opacity: 0.2;}.uagb-block-fb175adb.wp-block-uagb-image--layout-overlay .wp-block-uagb-image--layout-overlay__inner{left: 15px;right: 15px;top: 15px;bottom: 15px;}.uagb-block-fb175adb.wp-block-uagb-image--layout-overlay .wp-block-uagb-image--layout-overlay__inner .uagb-image-heading{font-style: normal;color: #fff;opacity: 1;}.uagb-block-fb175adb.wp-block-uagb-image--layout-overlay .wp-block-uagb-image--layout-overlay__inner .uagb-image-heading a{color: #fff;}.uagb-block-fb175adb.wp-block-uagb-image--layout-overlay .wp-block-uagb-image--layout-overlay__inner .uagb-image-caption{opacity: 0;}.uagb-block-fb175adb.wp-block-uagb-image--layout-overlay .wp-block-uagb-image__figure:hover .wp-block-uagb-image--layout-overlay__color-wrapper{opacity: 1;}.uagb-block-fb175adb.wp-block-uagb-image .wp-block-uagb-image--layout-overlay__inner .uagb-image-separator{width: 30%;border-top-width: 2px;border-top-color: #fff;opacity: 0;}.uagb-block-fb175adb.wp-block-uagb-image .wp-block-uagb-image__figure img{width: 235px;height: auto;}.uagb-block-fb175adb.wp-block-uagb-image .wp-block-uagb-image__figure:hover .wp-block-uagb-image--layout-overlay__inner .uagb-image-caption{opacity: 1;}.uagb-block-fb175adb.wp-block-uagb-image .wp-block-uagb-image__figure:hover .wp-block-uagb-image--layout-overlay__inner .uagb-image-separator{opacity: 1;}.uagb-block-fb175adb.wp-block-uagb-image--layout-default figure:hover img{box-shadow: 0px 0px 0 #00000070;}.uagb-block-fb175adb.wp-block-uagb-image--layout-overlay figure:hover img{box-shadow: 0px 0px 0 #00000070;}.wp-block-uagb-advanced-heading.uagb-block-9f781b31.wp-block-uagb-advanced-heading .uagb-desc-text{margin-bottom: 15px;}.wp-block-uagb-advanced-heading.uagb-block-9f781b31.wp-block-uagb-advanced-heading .uagb-highlight{font-style: normal;font-weight: Default;background: #007cba;color: #fff;-webkit-text-fill-color: #fff;}.wp-block-uagb-advanced-heading.uagb-block-9f781b31.wp-block-uagb-advanced-heading .uagb-highlight::-moz-selection{color: #fff;background: #007cba;-webkit-text-fill-color: #fff;}.wp-block-uagb-advanced-heading.uagb-block-9f781b31.wp-block-uagb-advanced-heading .uagb-highlight::selection{color: #fff;background: #007cba;-webkit-text-fill-color: #fff;}@media only screen and (max-width: 976px) {.uagb-block-fb175adb.wp-block-uagb-image .wp-block-uagb-image__figure img{width: 235px;height: auto;}}@media only screen and (max-width: 767px) {.uagb-block-fb175adb.wp-block-uagb-image .wp-block-uagb-image__figure img{width: 235px;height: auto;}}.uagb-block-52805307.wp-block-uagb-image--layout-default figure img{box-shadow: 0px 0px 0 #00000070;}.uagb-block-52805307.wp-block-uagb-image .wp-block-uagb-image__figure figcaption{font-style: normal;align-self: center;}.uagb-block-52805307.wp-block-uagb-image--layout-overlay figure img{box-shadow: 0px 0px 0 #00000070;}.uagb-block-52805307.wp-block-uagb-image--layout-overlay .wp-block-uagb-image--layout-overlay__color-wrapper{opacity: 0.2;}.uagb-block-52805307.wp-block-uagb-image--layout-overlay .wp-block-uagb-image--layout-overlay__inner{left: 15px;right: 15px;top: 15px;bottom: 15px;}.uagb-block-52805307.wp-block-uagb-image--layout-overlay .wp-block-uagb-image--layout-overlay__inner .uagb-image-heading{font-style: normal;color: #fff;opacity: 1;}.uagb-block-52805307.wp-block-uagb-image--layout-overlay .wp-block-uagb-image--layout-overlay__inner .uagb-image-heading a{color: #fff;}.uagb-block-52805307.wp-block-uagb-image--layout-overlay .wp-block-uagb-image--layout-overlay__inner .uagb-image-caption{opacity: 0;}.uagb-block-52805307.wp-block-uagb-image--layout-overlay .wp-block-uagb-image__figure:hover .wp-block-uagb-image--layout-overlay__color-wrapper{opacity: 1;}.uagb-block-52805307.wp-block-uagb-image .wp-block-uagb-image--layout-overlay__inner .uagb-image-separator{width: 30%;border-top-width: 2px;border-top-color: #fff;opacity: 0;}.uagb-block-52805307.wp-block-uagb-image .wp-block-uagb-image__figure img{width: px;height: auto;}.uagb-block-52805307.wp-block-uagb-image .wp-block-uagb-image__figure:hover .wp-block-uagb-image--layout-overlay__inner .uagb-image-caption{opacity: 1;}.uagb-block-52805307.wp-block-uagb-image .wp-block-uagb-image__figure:hover .wp-block-uagb-image--layout-overlay__inner .uagb-image-separator{opacity: 1;}.uagb-block-52805307.wp-block-uagb-image--layout-default figure:hover img{box-shadow: 0px 0px 0 #00000070;}.uagb-block-52805307.wp-block-uagb-image--layout-overlay figure:hover img{box-shadow: 0px 0px 0 #00000070;}@media only screen and (max-width: 976px) {.uagb-block-52805307.wp-block-uagb-image .wp-block-uagb-image__figure img{width: px;height: auto;}}@media only screen and (max-width: 767px) {.uagb-block-52805307.wp-block-uagb-image .wp-block-uagb-image__figure img{width: px;height: auto;}}\";s:2:\"js\";s:0:\"\";s:18:\"current_block_list\";a:14:{i:0;s:14:\"core\/paragraph\";i:1;s:10:\"uagb\/image\";i:2;s:21:\"uagb\/advanced-heading\";i:3;s:12:\"core\/heading\";i:4;s:19:\"rank-math\/faq-block\";i:5;s:11:\"core\/search\";i:6;s:10:\"core\/group\";i:7;s:17:\"core\/latest-posts\";i:8;s:20:\"core\/latest-comments\";i:9;s:13:\"core\/archives\";i:10;s:15:\"core\/categories\";i:11;s:10:\"core\/embed\";i:12;s:10:\"core\/image\";i:13;s:11:\"core\/spacer\";}s:8:\"uag_flag\";b:1;s:11:\"uag_version\";s:10:\"1776353364\";s:6:\"gfonts\";a:0:{}s:10:\"gfonts_url\";s:0:\"\";s:12:\"gfonts_files\";a:0:{}s:14:\"uag_faq_layout\";b:0;}"]},"uagb_featured_image_src":{"full":false,"thumbnail":false,"medium":false,"medium_large":false,"large":false,"1536x1536":false,"2048x2048":false,"trp-custom-language-flag":false},"uagb_author_info":{"display_name":"webmaster","author_link":"https:\/\/oneexample.com\/fr_fr\/author\/admin\/"},"uagb_comment_info":0,"uagb_excerpt":"Owning a CRYPTO domain on the WEB3 has never been easier. With UnStoppable Domains, you can buy your domain, and when you do, you own it for life. &#8211; No renewal fees ever. &#8211; That\u2019s it! What are the available crypto domains? .888 .bitcoin .blockchain .crypto .dao .nft .wallet .x .zil Click any link on\u2026","_links":{"self":[{"href":"https:\/\/oneexample.com\/fr_fr\/wp-json\/wp\/v2\/pages\/174","targetHints":{"allow":["GET"]}}],"collection":[{"href":"https:\/\/oneexample.com\/fr_fr\/wp-json\/wp\/v2\/pages"}],"about":[{"href":"https:\/\/oneexample.com\/fr_fr\/wp-json\/wp\/v2\/types\/page"}],"author":[{"embeddable":true,"href":"https:\/\/oneexample.com\/fr_fr\/wp-json\/wp\/v2\/users\/1"}],"replies":[{"embeddable":true,"href":"https:\/\/oneexample.com\/fr_fr\/wp-json\/wp\/v2\/comments?post=174"}],"version-history":[{"count":0,"href":"https:\/\/oneexample.com\/fr_fr\/wp-json\/wp\/v2\/pages\/174\/revisions"}],"wp:attachment":[{"href":"https:\/\/oneexample.com\/fr_fr\/wp-json\/wp\/v2\/media?parent=174"}],"curies":[{"name":"wp","href":"https:\/\/api.w.org\/{rel}","templated":true}]}}