{"id":231,"date":"2022-11-23T20:47:10","date_gmt":"2022-11-23T20:47:10","guid":{"rendered":"https:\/\/oneexample.com\/?page_id=231"},"modified":"2022-12-08T17:52:46","modified_gmt":"2022-12-08T17:52:46","slug":"revendeurs","status":"publish","type":"page","link":"https:\/\/oneexample.com\/fr\/revendeurs\/","title":{"rendered":"Revendeurs - BeMyOwnWebmaster.com (BMOW)"},"content":{"rendered":"<h1 class=\"wp-block-heading\">Gagne de l'argent en ligne en revendant nos produits sous ta marque.<\/h1>\n\n\n\n<p>OneExample.com propose des plans de revente, sous le nom de domaine <a href=\"https:\/\/www.BeMyOwnWebmaster.com\" target=\"_blank\" rel=\"noopener\">BeMyOwnWebmaster.com<\/a> (BMOW) qui fournit tout ce dont tu as besoin pour vendre des domaines, de l'h\u00e9bergement, du courrier \u00e9lectronique, des outils de cr\u00e9ation de sites Web et des certificats SSL. Le programme comprend des produits en marque blanche, une vitrine professionnelle avec ta marque et la libert\u00e9 de fixer tes propres prix. Nous traitons m\u00eame les paiements, tu n'as donc pas besoin d'avoir ton propre compte marchand.<\/p>\n\n\n\n<p>Tu obtiens un acc\u00e8s automatique \u00e0 ta vitrine de revendeur ainsi que le choix d'acheter et de g\u00e9rer des produits au nom des nouveaux clients qui y cr\u00e9ent un compte. Pendant que tu \u00e9tablis des relations et gagnes la confiance de tes clients, nous te donnons silencieusement les outils et les technologies.<\/p>\n\n\n\n<div class=\"wp-block-columns is-layout-flex wp-container-core-columns-is-layout-cc2ccda9 wp-block-columns-is-layout-flex\" style=\"margin-top:0;margin-bottom:0;padding-top:0;padding-right:0;padding-bottom:0;padding-left:0\">\n<div class=\"wp-block-column is-layout-flow wp-block-column-is-layout-flow\">\n<h4 class=\"wp-block-heading\" style=\"margin-top:0;margin-right:0;margin-bottom:0;margin-left:0\"><strong>Revendeur de base<\/strong><\/h4>\n\n\n\n<p style=\"margin-top:0;margin-right:0;margin-bottom:0;margin-left:0\"><strong>$89.99<\/strong>&nbsp;par an<\/p>\n\n\n\n<p style=\"margin-top:0;margin-right:0;margin-bottom:0;margin-left:0\">Meilleur pour jusqu'\u00e0&nbsp;<strong>25 clients<\/strong>.<\/p>\n\n\n\n<ul class=\"wp-block-list\">\n<li>Taux d'achat standard, jusqu'\u00e0&nbsp;<strong>20% au d\u00e9tail<\/strong><\/li>\n\n\n\n<li>Vitrine de commerce \u00e9lectronique en marque blanche<\/li>\n\n\n\n<li>Traitement des cartes de cr\u00e9dit<\/li>\n\n\n\n<li>Assistance 24 heures sur 24, 7 jours sur 7<\/li>\n\n\n\n<li>Promotions des produits<\/li>\n\n\n\n<li>Rapports sur les ventes et les commissions<\/li>\n\n\n\n<li>Options pour personnaliser les couleurs et les images<\/li>\n\n\n\n<li>Certificat SSL<\/li>\n<\/ul>\n<\/div>\n\n\n\n<div class=\"wp-block-column is-layout-flow wp-block-column-is-layout-flow\">\n<h4 class=\"wp-block-heading\" style=\"margin-top:0;margin-right:0;margin-bottom:0;margin-left:0\"><strong>Revendeur Pro<\/strong><\/h4>\n\n\n\n<p style=\"margin-top:0;margin-right:0;margin-bottom:0;margin-left:0\"><strong>$179.99<\/strong>&nbsp;par an.<\/p>\n\n\n\n<p style=\"margin-top:0;margin-right:0;margin-bottom:0;margin-left:0\">Meilleur pour&nbsp;<strong>Nombre illimit\u00e9 de clients<\/strong>.<\/p>\n\n\n\n<ul class=\"wp-block-list\">\n<li>Taux d'achat standard, jusqu'\u00e0&nbsp;<strong>40% au d\u00e9tail<\/strong><\/li>\n\n\n\n<li>Vitrine de commerce \u00e9lectronique en marque blanche<\/li>\n\n\n\n<li>Traitement des cartes de cr\u00e9dit<\/li>\n\n\n\n<li>Assistance 24 heures sur 24, 7 jours sur 7<\/li>\n\n\n\n<li>Promotions des produits<\/li>\n\n\n\n<li>Rapports sur les ventes et les commissions<\/li>\n\n\n\n<li>Options pour personnaliser les couleurs et les images<\/li>\n\n\n\n<li>Certificat SSL<\/li>\n<\/ul>\n<\/div>\n<\/div>\n\n\n\n<p style=\"margin-top:var(--wp--preset--spacing--20);margin-right:0;margin-bottom:0;margin-left:0\">Chaque pack revendeur comprend une vitrine de commerce \u00e9lectronique d\u00e9j\u00e0 construite et qui peut \u00eatre personnalis\u00e9e \u00e0 ton nom. M\u00eame ton nom appara\u00eetra sur presque tous nos articles. Tes clients ne se rendront m\u00eame pas compte que nous sommes impliqu\u00e9s.<\/p>\n\n\n\n<div class=\"wp-block-uagb-marketing-button uagb-marketing-btn__align-center uagb-marketing-btn__align-text-center uagb-marketing-btn__icon-after uagb-block-8c2934b9 wp-block-button\"><a href=\"https:\/\/www.bemyownwebmaster.com\" class=\"uagb-marketing-btn__link wp-block-button__link\" target=\"_blank\" rel=\"noopener noreferrer\"><span class=\"uagb-marketing-btn__title\">Montre-moi l'argent !<\/span><svg xmlns=\"https:\/\/www.w3.org\/2000\/svg\" viewbox=\"0 0 512 512\"><path d=\"M384 320c-17.67 0-32 14.33-32 32v96H64V160h96c17.67 0 32-14.32 32-32s-14.33-32-32-32L64 96c-35.35 0-64 28.65-64 64V448c0 35.34 28.65 64 64 64h288c35.35 0 64-28.66 64-64v-96C416 334.3 401.7 320 384 320zM488 0H352c-12.94 0-24.62 7.797-29.56 19.75c-4.969 11.97-2.219 25.72 6.938 34.88L370.8 96L169.4 297.4c-12.5 12.5-12.5 32.75 0 45.25C175.6 348.9 183.8 352 192 352s16.38-3.125 22.62-9.375L416 141.3l41.38 41.38c9.156 9.141 22.88 11.84 34.88 6.938C504.2 184.6 512 172.9 512 160V24C512 10.74 501.3 0 488 0z\"><\/path><\/svg><p class=\"uagb-marketing-btn__prefix\">Acc\u00e8de \u00e0 ton compte BMOW ici.<\/p><\/a><\/div>\n\n\n<div class=\"wp-block-uagb-faq uagb-faq__outer-wrap uagb-block-b14bc381 uagb-faq-icon-row-reverse uagb-faq-layout-accordion uagb-faq-expand-first-true uagb-faq-inactive-other-true uagb-faq__wrap uagb-buttons-layout-wrap uagb-faq-equal-height\" data-faqtoggle=\"true\" role=\"tablist\"><div class=\"wp-block-uagb-faq-child uagb-faq-child__outer-wrap uagb-faq-item uagb-block-f6430fdb\" role=\"tab\" tabindex=\"0\"><div class=\"uagb-faq-questions-button uagb-faq-questions\">\t\t\t<span class=\"uagb-icon uagb-faq-icon-wrap\">\n\t\t\t\t\t\t\t\t<svg xmlns=\"https:\/\/www.w3.org\/2000\/svg\" viewbox= \"0 0 448 512\"><path d=\"M432 256c0 17.69-14.33 32.01-32 32.01H256v144c0 17.69-14.33 31.99-32 31.99s-32-14.3-32-31.99v-144H48c-17.67 0-32-14.32-32-32.01s14.33-31.99 32-31.99H192v-144c0-17.69 14.33-32.01 32-32.01s32 14.32 32 32.01v144h144C417.7 224 432 238.3 432 256z\"><\/path><\/svg>\n\t\t\t\t\t\t\t<\/span>\n\t\t\t\t\t\t<span class=\"uagb-icon-active uagb-faq-icon-wrap\">\n\t\t\t\t\t\t\t\t<svg xmlns=\"https:\/\/www.w3.org\/2000\/svg\" viewbox= \"0 0 448 512\"><path d=\"M400 288h-352c-17.69 0-32-14.32-32-32.01s14.31-31.99 32-31.99h352c17.69 0 32 14.3 32 31.99S417.7 288 400 288z\"><\/path><\/svg>\n\t\t\t\t\t\t\t<\/span>\n\t\t\t<span class=\"uagb-question\"><strong>Comment suis-je pay\u00e9 ?<\/strong><\/span><\/div><div class=\"uagb-faq-content\"><p>Nous proposons diff\u00e9rentes alternatives de r\u00e9mun\u00e9ration \u00e0 la commission (<a href=\"https:\/\/paypal.com\" target=\"_blank\" rel=\"noreferrer noopener nofollow\">PayPal<\/a>(par exemple, les ch\u00e8ques, les virements \u00e9lectroniques et les ch\u00e8ques de banque). La commission que tu gagnes au cours d'un mois est g\u00e9n\u00e9ralement pay\u00e9e \u00e0 la fin du mois suivant. Par exemple, nous te paierons \u00e0 la fin du mois de f\u00e9vrier si tu as gagn\u00e9 une commission sur tes ventes d'h\u00e9bergement pour revendeurs au cours du mois de janvier.<\/p><\/div><\/div><div class=\"wp-block-uagb-faq-child uagb-faq-child__outer-wrap uagb-faq-item uagb-block-068491f9\" role=\"tab\" tabindex=\"0\"><div class=\"uagb-faq-questions-button uagb-faq-questions\">\t\t\t<span class=\"uagb-icon uagb-faq-icon-wrap\">\n\t\t\t\t\t\t\t\t<svg xmlns=\"https:\/\/www.w3.org\/2000\/svg\" viewbox= \"0 0 448 512\"><path d=\"M432 256c0 17.69-14.33 32.01-32 32.01H256v144c0 17.69-14.33 31.99-32 31.99s-32-14.3-32-31.99v-144H48c-17.67 0-32-14.32-32-32.01s14.33-31.99 32-31.99H192v-144c0-17.69 14.33-32.01 32-32.01s32 14.32 32 32.01v144h144C417.7 224 432 238.3 432 256z\"><\/path><\/svg>\n\t\t\t\t\t\t\t<\/span>\n\t\t\t\t\t\t<span class=\"uagb-icon-active uagb-faq-icon-wrap\">\n\t\t\t\t\t\t\t\t<svg xmlns=\"https:\/\/www.w3.org\/2000\/svg\" viewbox= \"0 0 448 512\"><path d=\"M400 288h-352c-17.69 0-32-14.32-32-32.01s14.31-31.99 32-31.99h352c17.69 0 32 14.3 32 31.99S417.7 288 400 288z\"><\/path><\/svg>\n\t\t\t\t\t\t\t<\/span>\n\t\t\t<span class=\"uagb-question\"><strong>Peux-tu m'aider \u00e0 installer mon magasin ?<\/strong><\/span><\/div><div class=\"uagb-faq-content\"><p>Oui, j'en serais ravi ! L'aide est \u00e0 port\u00e9e de clic. Tu peux utiliser le chat direct via WhatsApp ou Telegram, ou le formulaire en ligne.<\/p><\/div><\/div><\/div>","protected":false},"excerpt":{"rendered":"<p>Earn money online by reselling our products under your&nbsp;brand. OneExample.com has reseller plans, under the domain name BeMyOwnWebmaster.com (BMOW) that provides everything you need to sell domains, hosting, email, website-building tools, and SSL certificates. The program includes white-labeled products, a professional storefront with your branding, and the freedom to set your own prices. We even [&hellip;]<\/p>\n","protected":false},"author":1,"featured_media":0,"parent":0,"menu_order":0,"comment_status":"closed","ping_status":"closed","template":"","meta":{"_uag_custom_page_level_css":"","site-sidebar-layout":"default","site-content-layout":"","ast-site-content-layout":"default","site-content-style":"default","site-sidebar-style":"default","ast-global-header-display":"","ast-banner-title-visibility":"","ast-main-header-display":"","ast-hfb-above-header-display":"","ast-hfb-below-header-display":"","ast-hfb-mobile-header-display":"","site-post-title":"","ast-breadcrumbs-content":"","ast-featured-img":"","footer-sml-layout":"","ast-disable-related-posts":"","theme-transparent-header-meta":"","adv-header-id-meta":"","stick-header-meta":"","header-above-stick-meta":"","header-main-stick-meta":"","header-below-stick-meta":"","astra-migrate-meta-layouts":"default","ast-page-background-enabled":"default","ast-page-background-meta":{"desktop":{"background-color":"var(--ast-global-color-4)","background-image":"","background-repeat":"repeat","background-position":"center center","background-size":"auto","background-attachment":"scroll","background-type":"","background-media":"","overlay-type":"","overlay-color":"","overlay-opacity":"","overlay-gradient":""},"tablet":{"background-color":"","background-image":"","background-repeat":"repeat","background-position":"center center","background-size":"auto","background-attachment":"scroll","background-type":"","background-media":"","overlay-type":"","overlay-color":"","overlay-opacity":"","overlay-gradient":""},"mobile":{"background-color":"","background-image":"","background-repeat":"repeat","background-position":"center center","background-size":"auto","background-attachment":"scroll","background-type":"","background-media":"","overlay-type":"","overlay-color":"","overlay-opacity":"","overlay-gradient":""}},"ast-content-background-meta":{"desktop":{"background-color":"var(--ast-global-color-5)","background-image":"","background-repeat":"repeat","background-position":"center center","background-size":"auto","background-attachment":"scroll","background-type":"","background-media":"","overlay-type":"","overlay-color":"","overlay-opacity":"","overlay-gradient":""},"tablet":{"background-color":"var(--ast-global-color-5)","background-image":"","background-repeat":"repeat","background-position":"center center","background-size":"auto","background-attachment":"scroll","background-type":"","background-media":"","overlay-type":"","overlay-color":"","overlay-opacity":"","overlay-gradient":""},"mobile":{"background-color":"var(--ast-global-color-5)","background-image":"","background-repeat":"repeat","background-position":"center center","background-size":"auto","background-attachment":"scroll","background-type":"","background-media":"","overlay-type":"","overlay-color":"","overlay-opacity":"","overlay-gradient":""}},"footnotes":""},"class_list":["post-231","page","type-page","status-publish","hentry"],"spectra_custom_meta":{"_edit_lock":["1670522308:1"],"rank_math_internal_links_processed":["1"],"rank_math_seo_score":["12"],"_edit_last":["1"],"footer-adv-display":[null],"adv-header-id-meta":[""],"astra_style_timestamp_css":["1769733983"],"rank_math_analytic_object_id":["2"],"_uag_css_file_name":["uag-css-231.css"],"_trp_automatically_translated_slug_es_MX":["revendedores"],"_trp_automatically_translated_slug_zh_CN":["\u7ecf\u9500\u5546"],"_trp_automatically_translated_slug_fr_CA":["revendeurs"],"_trp_automatically_translated_slug_it_IT":["rivenditori"],"_trp_automatically_translated_slug_ru_RU":["\u0440\u0435\u0441\u0435\u043b\u043b\u0435\u0440\u044b"],"_trp_automatically_translated_slug_ar":["\u0627\u0644\u0645\u0648\u0632\u0639\u0648\u0646"],"_trp_automatically_translated_slug_hi_IN":["\u092a\u0941\u0928\u0930\u094d\u0935\u093f\u0915\u094d\u0930\u0947\u0924\u093e\u0913\u0902"],"_trp_automatically_translated_slug_ja":["\u518d\u8ca9\u696d\u8005"],"_trp_automatically_translated_slug_de_DE":["wiederverkaufer"],"_trp_automatically_translated_slug_ko_KR":["\ub9ac\uc140\ub7ec"],"_trp_automatically_translated_slug_fr_FR":["revendeurs"],"_trp_automatically_translated_slug_pt_BR":["revendedores"],"_trp_automatically_translated_slug_nl_NL":["wederverkopers"],"_trp_automatically_translated_slug_bn_BD":["\u09b0\u09bf\u09b8\u09c7\u09b2\u09be\u09b0"],"_trp_automatically_translated_slug_fa_IR":["\u0641\u0631\u0648\u0634\u0646\u062f\u06af\u0627\u0646"],"_trp_automatically_translated_slug_ne_NP":["\u092a\u0941\u0928\u0930\u094d\u0935\u093f\u0915\u094d\u0930\u0947\u0924\u093e\u0939\u0930\u0942"],"_wphb_singular_css_status":["complete"],"_uagb_previous_block_counts":["a:90:{s:21:\"uagb\/advanced-heading\";i:0;s:15:\"uagb\/blockquote\";i:0;s:12:\"uagb\/buttons\";i:0;s:18:\"uagb\/buttons-child\";i:0;s:19:\"uagb\/call-to-action\";i:0;s:15:\"uagb\/cf7-styler\";i:0;s:11:\"uagb\/column\";i:0;s:12:\"uagb\/columns\";i:0;s:14:\"uagb\/container\";i:0;s:21:\"uagb\/content-timeline\";i:0;s:27:\"uagb\/content-timeline-child\";i:0;s:14:\"uagb\/countdown\";i:0;s:12:\"uagb\/counter\";i:0;s:8:\"uagb\/faq\";i:1;s:14:\"uagb\/faq-child\";i:2;s:10:\"uagb\/forms\";i:0;s:17:\"uagb\/forms-accept\";i:0;s:19:\"uagb\/forms-checkbox\";i:0;s:15:\"uagb\/forms-date\";i:0;s:16:\"uagb\/forms-email\";i:0;s:17:\"uagb\/forms-hidden\";i:0;s:15:\"uagb\/forms-name\";i:0;s:16:\"uagb\/forms-phone\";i:0;s:16:\"uagb\/forms-radio\";i:0;s:17:\"uagb\/forms-select\";i:0;s:19:\"uagb\/forms-textarea\";i:0;s:17:\"uagb\/forms-toggle\";i:0;s:14:\"uagb\/forms-url\";i:0;s:14:\"uagb\/gf-styler\";i:0;s:15:\"uagb\/google-map\";i:0;s:11:\"uagb\/how-to\";i:0;s:16:\"uagb\/how-to-step\";i:0;s:9:\"uagb\/icon\";i:0;s:14:\"uagb\/icon-list\";i:0;s:20:\"uagb\/icon-list-child\";i:0;s:10:\"uagb\/image\";i:0;s:18:\"uagb\/image-gallery\";i:0;s:13:\"uagb\/info-box\";i:0;s:18:\"uagb\/inline-notice\";i:0;s:11:\"uagb\/lottie\";i:0;s:21:\"uagb\/marketing-button\";i:1;s:10:\"uagb\/modal\";i:0;s:18:\"uagb\/popup-builder\";i:0;s:16:\"uagb\/post-button\";i:0;s:18:\"uagb\/post-carousel\";i:0;s:17:\"uagb\/post-excerpt\";i:0;s:14:\"uagb\/post-grid\";i:0;s:15:\"uagb\/post-image\";i:0;s:17:\"uagb\/post-masonry\";i:0;s:14:\"uagb\/post-meta\";i:0;s:18:\"uagb\/post-taxonomy\";i:0;s:18:\"uagb\/post-timeline\";i:0;s:15:\"uagb\/post-title\";i:0;s:20:\"uagb\/restaurant-menu\";i:0;s:26:\"uagb\/restaurant-menu-child\";i:0;s:11:\"uagb\/review\";i:0;s:12:\"uagb\/section\";i:0;s:14:\"uagb\/separator\";i:0;s:11:\"uagb\/slider\";i:0;s:17:\"uagb\/slider-child\";i:0;s:17:\"uagb\/social-share\";i:0;s:23:\"uagb\/social-share-child\";i:0;s:16:\"uagb\/star-rating\";i:0;s:23:\"uagb\/sure-cart-checkout\";i:0;s:22:\"uagb\/sure-cart-product\";i:0;s:15:\"uagb\/sure-forms\";i:0;s:22:\"uagb\/table-of-contents\";i:0;s:9:\"uagb\/tabs\";i:0;s:15:\"uagb\/tabs-child\";i:0;s:18:\"uagb\/taxonomy-list\";i:0;s:9:\"uagb\/team\";i:0;s:16:\"uagb\/testimonial\";i:0;s:14:\"uagb\/wp-search\";i:0;s:19:\"uagb\/instagram-feed\";i:0;s:10:\"uagb\/login\";i:0;s:17:\"uagb\/loop-builder\";i:0;s:18:\"uagb\/loop-category\";i:0;s:20:\"uagb\/loop-pagination\";i:0;s:15:\"uagb\/loop-reset\";i:0;s:16:\"uagb\/loop-search\";i:0;s:14:\"uagb\/loop-sort\";i:0;s:17:\"uagb\/loop-wrapper\";i:0;s:13:\"uagb\/register\";i:0;s:19:\"uagb\/register-email\";i:0;s:24:\"uagb\/register-first-name\";i:0;s:23:\"uagb\/register-last-name\";i:0;s:22:\"uagb\/register-password\";i:0;s:30:\"uagb\/register-reenter-password\";i:0;s:19:\"uagb\/register-terms\";i:0;s:22:\"uagb\/register-username\";i:0;}"],"_uag_page_assets":["a:9:{s:3:\"css\";s:7820:\".uagb-block-8c2934b9 .uagb-marketing-btn__prefix{font-size: 14px;line-height: 2em;margin-top: 0px;}.uagb-block-8c2934b9.uagb-marketing-btn__icon-after .uagb-marketing-btn__link svg{margin-right: 10px;}.uagb-block-8c2934b9.uagb-marketing-btn__icon-before .uagb-marketing-btn__link svg{margin-left: 10px;}.uagb-block-8c2934b9.uagb-marketing-btn__icon-after .uagb-marketing-btn__icon-wrap svg{margin-right: 10px;}.uagb-block-8c2934b9.uagb-marketing-btn__icon-before .uagb-marketing-btn__icon-wrap svg{margin-left: 10px;}.uagb-block-8c2934b9 .uagb-marketing-btn__title-wrap{align-items: center;}.uagb-block-8c2934b9 .uagb-marketing-btn__title-wrap .uagb-marketing-btn__icon-wrap svg{vertical-align: sub;}.uagb-block-8c2934b9 svg{width: 20px;height: 20px;}.uagb-block-8c2934b9 .uagb-marketing-btn__link svg{fill: #fff;}.uagb-block-8c2934b9 p.uagb-marketing-btn__prefix{color: #fff;}.uagb-block-8c2934b9 .uagb-marketing-btn__link.wp-block-button__link{padding-left: 35px;padding-right: 35px;padding-top: 10px;padding-bottom: 10px;border-top-width: 6px;border-left-width: 6px;border-right-width: 6px;border-bottom-width: 6px;border-top-left-radius: 100px;border-top-right-radius: 100px;border-bottom-left-radius: 100px;border-bottom-right-radius: 100px;border-color: var(--ast-global-color-5);border-style: double;}.uagb-block-8c2934b9 .uagb-marketing-btn__wrap .uagb-marketing-btn__link{padding-left: 35px;padding-right: 35px;padding-top: 10px;padding-bottom: 10px;border-top-width: 6px;border-left-width: 6px;border-right-width: 6px;border-bottom-width: 6px;border-top-left-radius: 100px;border-top-right-radius: 100px;border-bottom-left-radius: 100px;border-bottom-right-radius: 100px;border-color: var(--ast-global-color-5);border-style: double;}.uagb-block-8c2934b9 .uagb-marketing-btn__link .uagb-marketing-btn__title{color: #fff;}.uagb-block-8c2934b9 .uagb-marketing-btn__title{font-size: 20px;}.uagb-block-b14bc381 .uagb-icon svg{width: 12px;height: 12px;font-size: 12px;}.uagb-block-b14bc381 .uagb-icon-active svg{width: 12px;height: 12px;font-size: 12px;}.uagb-block-b14bc381 .uagb-faq-child__outer-wrap{margin-bottom: 10px;}.uagb-block-b14bc381 .uagb-faq-item{background-color: transparent;border-top-width: 1px;border-left-width: 1px;border-right-width: 1px;border-bottom-width: 1px;border-top-left-radius: 2px;border-top-right-radius: 2px;border-bottom-left-radius: 2px;border-bottom-right-radius: 2px;border-color: #D2D2D2;border-style: solid;}.uagb-block-b14bc381 .uagb-faq-questions-button{padding-top: 15px;padding-bottom: 15px;padding-right: 15px;padding-left: 15px;}.uagb-block-b14bc381 .uagb-faq-content{padding-top: 0px;padding-bottom: 15px;padding-right: 15px;padding-left: 15px;}.uagb-block-b14bc381 .uagb-faq-content span{margin-top: 0px;margin-bottom: 15px;margin-right: 15px;margin-left: 15px;}.uagb-block-b14bc381.uagb-faq-icon-row .uagb-faq-item .uagb-faq-icon-wrap{margin-right: 10px;}.uagb-block-b14bc381.uagb-faq-icon-row-reverse .uagb-faq-item .uagb-faq-icon-wrap{margin-left: 10px;}.uagb-block-b14bc381 .uagb-faq-item .uagb-faq-questions-button.uagb-faq-questions{flex-direction: row-reverse;}.uagb-block-b14bc381 .wp-block-uagb-faq-child.uagb-faq-child__outer-wrap .uagb-faq-content {display: none;}@media only screen and (max-width: 976px) {.uagb-block-8c2934b9 .uagb-marketing-btn__prefix{font-size: 14px;}.uagb-block-8c2934b9 .uagb-marketing-btn__link.wp-block-button__link{border-style: double;border-color: var(--ast-global-color-5);}.uagb-block-8c2934b9 .uagb-marketing-btn__wrap .uagb-marketing-btn__link{padding-left: 20px;padding-right: 20px;padding-top: 8px;padding-bottom: 8px;border-style: double;border-color: var(--ast-global-color-5);}.uagb-block-8c2934b9 .uagb-marketing-btn__title{font-size: 20px;}.uagb-block-b14bc381.uagb-faq-icon-row .uagb-faq-item .uagb-faq-icon-wrap{margin-right: 10px;}.uagb-block-b14bc381.uagb-faq-icon-row-reverse .uagb-faq-item .uagb-faq-icon-wrap{margin-left: 10px;}.uagb-block-b14bc381 .uagb-faq-questions-button{padding-top: 10px;padding-bottom: 10px;padding-right: 10px;padding-left: 10px;}.uagb-block-b14bc381 .uagb-faq-content{padding-top: 10px;padding-bottom: 10px;padding-right: 10px;padding-left: 10px;}.uagb-block-b14bc381 .uagb-faq-content span{margin-top: 10px;margin-bottom: 10px;margin-right: 10px;margin-left: 10px;}.uagb-block-b14bc381 .uagb-faq-item{border-style: solid;border-color: #D2D2D2;}}@media only screen and (max-width: 767px) {.uagb-block-8c2934b9 .uagb-marketing-btn__prefix{font-size: 14px;}.uagb-block-8c2934b9.wp-block-uagb-marketing-button.wp-block-button .uagb-marketing-btn__link{border-style: double;border-color: var(--ast-global-color-5);}.uagb-block-8c2934b9 .uagb-marketing-btn__wrap .uagb-marketing-btn__link{padding-left: 20px;padding-right: 20px;padding-top: 8px;padding-bottom: 8px;border-style: double;border-color: var(--ast-global-color-5);}.uagb-block-8c2934b9 .uagb-marketing-btn__title{font-size: 20px;}.uagb-block-b14bc381.uagb-faq-icon-row .uagb-faq-item .uagb-faq-icon-wrap{margin-right: 10px;}.uagb-block-b14bc381 .uagb-faq-item{border-style: solid;border-color: #D2D2D2;}.uagb-block-b14bc381.uagb-faq-icon-row-reverse .uagb-faq-item .uagb-faq-icon-wrap{margin-left: 10px;}.uagb-block-b14bc381 .uagb-faq-questions-button{padding-top: 10px;padding-bottom: 10px;padding-right: 10px;padding-left: 10px;}.uagb-block-b14bc381 .uagb-faq-content{padding-top: 10px;padding-bottom: 10px;padding-right: 10px;padding-left: 10px;}.uagb-block-b14bc381 .uagb-faq-content span{margin-top: 10px;margin-bottom: 10px;margin-right: 10px;margin-left: 10px;}}.uagb-block-52805307.wp-block-uagb-image--layout-default figure img{box-shadow: 0px 0px 0 #00000070;}.uagb-block-52805307.wp-block-uagb-image .wp-block-uagb-image__figure figcaption{font-style: normal;align-self: center;}.uagb-block-52805307.wp-block-uagb-image--layout-overlay figure img{box-shadow: 0px 0px 0 #00000070;}.uagb-block-52805307.wp-block-uagb-image--layout-overlay .wp-block-uagb-image--layout-overlay__color-wrapper{opacity: 0.2;}.uagb-block-52805307.wp-block-uagb-image--layout-overlay .wp-block-uagb-image--layout-overlay__inner{left: 15px;right: 15px;top: 15px;bottom: 15px;}.uagb-block-52805307.wp-block-uagb-image--layout-overlay .wp-block-uagb-image--layout-overlay__inner .uagb-image-heading{font-style: normal;color: #fff;opacity: 1;}.uagb-block-52805307.wp-block-uagb-image--layout-overlay .wp-block-uagb-image--layout-overlay__inner .uagb-image-heading a{color: #fff;}.uagb-block-52805307.wp-block-uagb-image--layout-overlay .wp-block-uagb-image--layout-overlay__inner .uagb-image-caption{opacity: 0;}.uagb-block-52805307.wp-block-uagb-image--layout-overlay .wp-block-uagb-image__figure:hover .wp-block-uagb-image--layout-overlay__color-wrapper{opacity: 1;}.uagb-block-52805307.wp-block-uagb-image .wp-block-uagb-image--layout-overlay__inner .uagb-image-separator{width: 30%;border-top-width: 2px;border-top-color: #fff;opacity: 0;}.uagb-block-52805307.wp-block-uagb-image .wp-block-uagb-image__figure img{width: px;height: auto;}.uagb-block-52805307.wp-block-uagb-image .wp-block-uagb-image__figure:hover .wp-block-uagb-image--layout-overlay__inner .uagb-image-caption{opacity: 1;}.uagb-block-52805307.wp-block-uagb-image .wp-block-uagb-image__figure:hover .wp-block-uagb-image--layout-overlay__inner .uagb-image-separator{opacity: 1;}.uagb-block-52805307.wp-block-uagb-image--layout-default figure:hover img{box-shadow: 0px 0px 0 #00000070;}.uagb-block-52805307.wp-block-uagb-image--layout-overlay figure:hover img{box-shadow: 0px 0px 0 #00000070;}@media only screen and (max-width: 976px) {.uagb-block-52805307.wp-block-uagb-image .wp-block-uagb-image__figure img{width: px;height: auto;}}@media only screen and (max-width: 767px) {.uagb-block-52805307.wp-block-uagb-image .wp-block-uagb-image__figure img{width: px;height: auto;}}\";s:2:\"js\";s:0:\"\";s:18:\"current_block_list\";a:19:{i:0;s:12:\"core\/heading\";i:1;s:14:\"core\/paragraph\";i:2;s:12:\"core\/columns\";i:3;s:11:\"core\/column\";i:4;s:9:\"core\/list\";i:5;s:14:\"core\/list-item\";i:6;s:21:\"uagb\/marketing-button\";i:7;s:8:\"uagb\/faq\";i:8;s:14:\"uagb\/faq-child\";i:9;s:11:\"core\/search\";i:10;s:10:\"core\/group\";i:11;s:17:\"core\/latest-posts\";i:12;s:20:\"core\/latest-comments\";i:13;s:13:\"core\/archives\";i:14;s:15:\"core\/categories\";i:15;s:10:\"core\/embed\";i:16;s:10:\"core\/image\";i:17;s:11:\"core\/spacer\";i:18;s:10:\"uagb\/image\";}s:8:\"uag_flag\";b:1;s:11:\"uag_version\";s:10:\"1776269153\";s:6:\"gfonts\";a:0:{}s:10:\"gfonts_url\";s:0:\"\";s:12:\"gfonts_files\";a:0:{}s:14:\"uag_faq_layout\";b:1;}"]},"uagb_featured_image_src":{"full":false,"thumbnail":false,"medium":false,"medium_large":false,"large":false,"1536x1536":false,"2048x2048":false,"trp-custom-language-flag":false},"uagb_author_info":{"display_name":"webmaster","author_link":"https:\/\/oneexample.com\/fr\/author\/admin\/"},"uagb_comment_info":0,"uagb_excerpt":"Earn money online by reselling our products under your&nbsp;brand. OneExample.com has reseller plans, under the domain name BeMyOwnWebmaster.com (BMOW) that provides everything you need to sell domains, hosting, email, website-building tools, and SSL certificates. The program includes white-labeled products, a professional storefront with your branding, and the freedom to set your own prices. We even&hellip;","_links":{"self":[{"href":"https:\/\/oneexample.com\/fr\/wp-json\/wp\/v2\/pages\/231","targetHints":{"allow":["GET"]}}],"collection":[{"href":"https:\/\/oneexample.com\/fr\/wp-json\/wp\/v2\/pages"}],"about":[{"href":"https:\/\/oneexample.com\/fr\/wp-json\/wp\/v2\/types\/page"}],"author":[{"embeddable":true,"href":"https:\/\/oneexample.com\/fr\/wp-json\/wp\/v2\/users\/1"}],"replies":[{"embeddable":true,"href":"https:\/\/oneexample.com\/fr\/wp-json\/wp\/v2\/comments?post=231"}],"version-history":[{"count":0,"href":"https:\/\/oneexample.com\/fr\/wp-json\/wp\/v2\/pages\/231\/revisions"}],"wp:attachment":[{"href":"https:\/\/oneexample.com\/fr\/wp-json\/wp\/v2\/media?parent=231"}],"curies":[{"name":"wp","href":"https:\/\/api.w.org\/{rel}","templated":true}]}}