{"id":2,"date":"2022-11-19T17:30:04","date_gmt":"2022-11-19T17:30:04","guid":{"rendered":"https:\/\/oneexample.com\/?page_id=2"},"modified":"2024-08-16T03:43:15","modified_gmt":"2024-08-16T03:43:15","slug":"kunstliche-intelligenz","status":"publish","type":"page","link":"https:\/\/oneexample.com\/de\/kunstliche-intelligenz\/","title":{"rendered":"HI + AI = EI"},"content":{"rendered":"<p>MENSCHLICHE INTELLIGENZ <strong>(HI)<\/strong> ist es, aus Erfahrungen zu lernen, sich auf neue Situationen einzustellen, abstrakte Konzepte zu verstehen und Wissen anzuwenden.<\/p>\n\n\n\n<p>OneExample.com unterst\u00fctzt Unternehmer auf der ganzen Welt, indem es die gesamte HUMAN + ARTIFICIAL <s>Hilfe<\/s>INTELLIGENZ und Ausbildung mit den Tools, die sie brauchen, um online erfolgreich zu sein.<\/p>\n\n\n\n<blockquote class=\"wp-block-quote is-layout-flow wp-block-quote-is-layout-flow\">\n<p><em>Hallo zusammen! Ich bin Steve, der Typ, der Pixel schiebt und alle Fragen beantwortet (manchmal mit Hilfe von KI), und dies ist meine Website. Ich liebe das, was ich tue, n\u00e4mlich Unternehmen online aufzubauen.<\/em><\/p>\n<cite>ERWEITERTE INTELLIGENZ <strong>(EI)<\/strong> ist HI + AI<\/cite><\/blockquote>\n\n\n\n<p class=\"has-medium-font-size\">...ich mische meine Antworten mit <strong>AI<\/strong>.<\/p>\n\n\n\n<p>K\u00fcnstliche Intelligenz (KI) ist die F\u00e4higkeit eines Computers, automatisierte Aufgaben (neu) zu erstellen, f\u00fcr die normalerweise intelligente Menschen erforderlich w\u00e4ren.<\/p>\n\n\n\n<blockquote class=\"wp-block-quote is-layout-flow wp-block-quote-is-layout-flow\">\n<p>Mit Hilfe von k\u00fcnstlicher Intelligenz formuliere ich bessere Antworten, als ich sie selbst geben k\u00f6nnte. Das hat mir und anderen Unternehmern geholfen, den n\u00e4chsten Schritt in ihrem Gesch\u00e4ft zu machen.<\/p>\n<cite>DIE MEISTEN EGOS \u00dcBEN DIE UMGEHUNG DER INTELLIGENZ<\/cite><\/blockquote>\n\n\n\n<p style=\"margin-bottom:0\">ERWEITERTE INTELLIGENZ <strong>(EI)<\/strong> ist die F\u00e4higkeit, Wissen mit Ungedachtem zu verbinden.<\/p>\n\n\n\n<script type=\"text\/javascript\" src=\"https:\/\/form.jotform.com\/jsform\/223228332661047\"><\/script>","protected":false},"excerpt":{"rendered":"<p>HUMAN INTELLIGENCE (HI) is learning from experience, adapting to new situations, understanding abstract concepts, and using knowledge. OneExample.com empowers entrepreneurs worldwide by providing all of the\u00a0HUMAN + ARTIFICIAL help, INTELLIGENCE, and training with the tools they need to succeed online. Hi there! I&#8217;m Steve, the guy who pushes pixels and answers all the questions (sometimes [&hellip;]<\/p>\n","protected":false},"author":1,"featured_media":0,"parent":0,"menu_order":0,"comment_status":"closed","ping_status":"closed","template":"","meta":{"_uag_custom_page_level_css":"","site-sidebar-layout":"default","site-content-layout":"","ast-site-content-layout":"default","site-content-style":"default","site-sidebar-style":"default","ast-global-header-display":"","ast-banner-title-visibility":"","ast-main-header-display":"","ast-hfb-above-header-display":"","ast-hfb-below-header-display":"","ast-hfb-mobile-header-display":"","site-post-title":"disabled","ast-breadcrumbs-content":"","ast-featured-img":"","footer-sml-layout":"","ast-disable-related-posts":"","theme-transparent-header-meta":"","adv-header-id-meta":"","stick-header-meta":"","header-above-stick-meta":"","header-main-stick-meta":"","header-below-stick-meta":"","astra-migrate-meta-layouts":"set","ast-page-background-enabled":"default","ast-page-background-meta":{"desktop":{"background-color":"var(--ast-global-color-4)","background-image":"","background-repeat":"repeat","background-position":"center center","background-size":"auto","background-attachment":"scroll","background-type":"","background-media":"","overlay-type":"","overlay-color":"","overlay-opacity":"","overlay-gradient":""},"tablet":{"background-color":"","background-image":"","background-repeat":"repeat","background-position":"center center","background-size":"auto","background-attachment":"scroll","background-type":"","background-media":"","overlay-type":"","overlay-color":"","overlay-opacity":"","overlay-gradient":""},"mobile":{"background-color":"","background-image":"","background-repeat":"repeat","background-position":"center center","background-size":"auto","background-attachment":"scroll","background-type":"","background-media":"","overlay-type":"","overlay-color":"","overlay-opacity":"","overlay-gradient":""}},"ast-content-background-meta":{"desktop":{"background-color":"var(--ast-global-color-5)","background-image":"","background-repeat":"repeat","background-position":"center center","background-size":"auto","background-attachment":"scroll","background-type":"","background-media":"","overlay-type":"","overlay-color":"","overlay-opacity":"","overlay-gradient":""},"tablet":{"background-color":"var(--ast-global-color-5)","background-image":"","background-repeat":"repeat","background-position":"center center","background-size":"auto","background-attachment":"scroll","background-type":"","background-media":"","overlay-type":"","overlay-color":"","overlay-opacity":"","overlay-gradient":""},"mobile":{"background-color":"var(--ast-global-color-5)","background-image":"","background-repeat":"repeat","background-position":"center center","background-size":"auto","background-attachment":"scroll","background-type":"","background-media":"","overlay-type":"","overlay-color":"","overlay-opacity":"","overlay-gradient":""}},"footnotes":""},"class_list":["post-2","page","type-page","status-publish","hentry"],"spectra_custom_meta":{"_wp_page_template":["default"],"_edit_last":["1"],"footer-adv-display":[null],"adv-header-id-meta":[""],"rank_math_internal_links_processed":["1"],"rank_math_description":["Human Intelligence + Artificial Intelligence = Extended Intelligence"],"rank_math_robots":["a:1:{i:0;s:5:\"index\";}"],"rank_math_focus_keyword":["artificial intelligence"],"_edit_lock":["1723779796:1"],"rank_math_seo_score":["22"],"astra_style_timestamp_css":["1769740579"],"rank_math_analytic_object_id":["92"],"_uag_custom_page_level_css":[""],"ast-site-content-layout":["default"],"theme-transparent-header-meta":[""],"stick-header-meta":[""],"astra-migrate-meta-layouts":["set"],"footnotes":[""],"site-post-title":["disabled"],"_trp_automatically_translated_slug_es_MX":["inteligencia-artificial"],"_trp_automatically_translated_slug_zh_CN":["\u4eba\u5de5\u667a\u80fd"],"_trp_automatically_translated_slug_fr_CA":["intelligence-artificielle"],"_trp_automatically_translated_slug_it_IT":["intelligenza-artificiale"],"_trp_automatically_translated_slug_ru_RU":["\u0438\u0441\u043a\u0443\u0441\u0441\u0442\u0432\u0435\u043d\u043d\u044b\u0439-\u0438\u043d\u0442\u0435\u043b\u043b\u0435\u043a\u0442"],"_trp_automatically_translated_slug_ar":["\u0627\u0644\u0630\u0643\u0627\u0621-\u0627\u0644\u0627\u0635\u0637\u0646\u0627\u0639\u064a"],"_trp_automatically_translated_slug_hi_IN":["\u0906\u0930\u094d\u091f\u093f\u092b\u093f\u0936\u093f\u092f\u0932-\u0907\u0902\u091f\u0947\u0932\u093f\u091c\u0947\u0902\u0938"],"_trp_automatically_translated_slug_ja":["\u4eba\u5de5\u77e5\u80fd"],"_trp_automatically_translated_slug_de_DE":["kunstliche-intelligenz"],"_trp_automatically_translated_slug_ko_KR":["\uc778\uacf5-\uc9c0\ub2a5"],"_trp_automatically_translated_slug_fr_FR":["intelligence-artificielle"],"_trp_automatically_translated_slug_pt_BR":["inteligencia-artificial"],"_trp_automatically_translated_slug_nl_NL":["kunstmatige-intelligentie"],"_trp_automatically_translated_slug_bn_BD":["\u0995\u09c3\u09a4\u09cd\u09b0\u09bf\u09ae-\u09ac\u09c1\u09a6\u09cd\u09a7\u09bf\u09ae\u09a4\u09cd\u09a4\u09be"],"_trp_automatically_translated_slug_fa_IR":["\u0647\u0648\u0634-\u0645\u0635\u0646\u0648\u0639\u06cc"],"_trp_automatically_translated_slug_ne_NP":["\u0915\u0943\u0924\u094d\u0930\u093f\u092e-\u092c\u0941\u0926\u094d\u0927\u093f\u092e\u0924\u094d\u0924\u093e"],"_wphb_singular_css_status":["complete"],"_uagb_previous_block_counts":["a:90:{s:21:\"uagb\/advanced-heading\";i:0;s:15:\"uagb\/blockquote\";i:0;s:12:\"uagb\/buttons\";i:0;s:18:\"uagb\/buttons-child\";i:0;s:19:\"uagb\/call-to-action\";i:0;s:15:\"uagb\/cf7-styler\";i:0;s:11:\"uagb\/column\";i:0;s:12:\"uagb\/columns\";i:0;s:14:\"uagb\/container\";i:0;s:21:\"uagb\/content-timeline\";i:0;s:27:\"uagb\/content-timeline-child\";i:0;s:14:\"uagb\/countdown\";i:0;s:12:\"uagb\/counter\";i:0;s:8:\"uagb\/faq\";i:0;s:14:\"uagb\/faq-child\";i:0;s:10:\"uagb\/forms\";i:0;s:17:\"uagb\/forms-accept\";i:0;s:19:\"uagb\/forms-checkbox\";i:0;s:15:\"uagb\/forms-date\";i:0;s:16:\"uagb\/forms-email\";i:0;s:17:\"uagb\/forms-hidden\";i:0;s:15:\"uagb\/forms-name\";i:0;s:16:\"uagb\/forms-phone\";i:0;s:16:\"uagb\/forms-radio\";i:0;s:17:\"uagb\/forms-select\";i:0;s:19:\"uagb\/forms-textarea\";i:0;s:17:\"uagb\/forms-toggle\";i:0;s:14:\"uagb\/forms-url\";i:0;s:14:\"uagb\/gf-styler\";i:0;s:15:\"uagb\/google-map\";i:0;s:11:\"uagb\/how-to\";i:0;s:16:\"uagb\/how-to-step\";i:0;s:9:\"uagb\/icon\";i:0;s:14:\"uagb\/icon-list\";i:0;s:20:\"uagb\/icon-list-child\";i:0;s:10:\"uagb\/image\";i:0;s:18:\"uagb\/image-gallery\";i:0;s:13:\"uagb\/info-box\";i:0;s:18:\"uagb\/inline-notice\";i:0;s:11:\"uagb\/lottie\";i:0;s:21:\"uagb\/marketing-button\";i:0;s:10:\"uagb\/modal\";i:0;s:18:\"uagb\/popup-builder\";i:0;s:16:\"uagb\/post-button\";i:0;s:18:\"uagb\/post-carousel\";i:0;s:17:\"uagb\/post-excerpt\";i:0;s:14:\"uagb\/post-grid\";i:0;s:15:\"uagb\/post-image\";i:0;s:17:\"uagb\/post-masonry\";i:0;s:14:\"uagb\/post-meta\";i:0;s:18:\"uagb\/post-taxonomy\";i:0;s:18:\"uagb\/post-timeline\";i:0;s:15:\"uagb\/post-title\";i:0;s:20:\"uagb\/restaurant-menu\";i:0;s:26:\"uagb\/restaurant-menu-child\";i:0;s:11:\"uagb\/review\";i:0;s:12:\"uagb\/section\";i:0;s:14:\"uagb\/separator\";i:0;s:11:\"uagb\/slider\";i:0;s:17:\"uagb\/slider-child\";i:0;s:17:\"uagb\/social-share\";i:0;s:23:\"uagb\/social-share-child\";i:0;s:16:\"uagb\/star-rating\";i:0;s:23:\"uagb\/sure-cart-checkout\";i:0;s:22:\"uagb\/sure-cart-product\";i:0;s:15:\"uagb\/sure-forms\";i:0;s:22:\"uagb\/table-of-contents\";i:0;s:9:\"uagb\/tabs\";i:0;s:15:\"uagb\/tabs-child\";i:0;s:18:\"uagb\/taxonomy-list\";i:0;s:9:\"uagb\/team\";i:0;s:16:\"uagb\/testimonial\";i:0;s:14:\"uagb\/wp-search\";i:0;s:19:\"uagb\/instagram-feed\";i:0;s:10:\"uagb\/login\";i:0;s:17:\"uagb\/loop-builder\";i:0;s:18:\"uagb\/loop-category\";i:0;s:20:\"uagb\/loop-pagination\";i:0;s:15:\"uagb\/loop-reset\";i:0;s:16:\"uagb\/loop-search\";i:0;s:14:\"uagb\/loop-sort\";i:0;s:17:\"uagb\/loop-wrapper\";i:0;s:13:\"uagb\/register\";i:0;s:19:\"uagb\/register-email\";i:0;s:24:\"uagb\/register-first-name\";i:0;s:23:\"uagb\/register-last-name\";i:0;s:22:\"uagb\/register-password\";i:0;s:30:\"uagb\/register-reenter-password\";i:0;s:19:\"uagb\/register-terms\";i:0;s:22:\"uagb\/register-username\";i:0;}"],"_uag_page_assets":["a:9:{s:3:\"css\";s:2259:\".uagb-block-52805307.wp-block-uagb-image--layout-default figure img{box-shadow: 0px 0px 0 #00000070;}.uagb-block-52805307.wp-block-uagb-image .wp-block-uagb-image__figure figcaption{font-style: normal;align-self: center;}.uagb-block-52805307.wp-block-uagb-image--layout-overlay figure img{box-shadow: 0px 0px 0 #00000070;}.uagb-block-52805307.wp-block-uagb-image--layout-overlay .wp-block-uagb-image--layout-overlay__color-wrapper{opacity: 0.2;}.uagb-block-52805307.wp-block-uagb-image--layout-overlay .wp-block-uagb-image--layout-overlay__inner{left: 15px;right: 15px;top: 15px;bottom: 15px;}.uagb-block-52805307.wp-block-uagb-image--layout-overlay .wp-block-uagb-image--layout-overlay__inner .uagb-image-heading{font-style: normal;color: #fff;opacity: 1;}.uagb-block-52805307.wp-block-uagb-image--layout-overlay .wp-block-uagb-image--layout-overlay__inner .uagb-image-heading a{color: #fff;}.uagb-block-52805307.wp-block-uagb-image--layout-overlay .wp-block-uagb-image--layout-overlay__inner .uagb-image-caption{opacity: 0;}.uagb-block-52805307.wp-block-uagb-image--layout-overlay .wp-block-uagb-image__figure:hover .wp-block-uagb-image--layout-overlay__color-wrapper{opacity: 1;}.uagb-block-52805307.wp-block-uagb-image .wp-block-uagb-image--layout-overlay__inner .uagb-image-separator{width: 30%;border-top-width: 2px;border-top-color: #fff;opacity: 0;}.uagb-block-52805307.wp-block-uagb-image .wp-block-uagb-image__figure img{width: px;height: auto;}.uagb-block-52805307.wp-block-uagb-image .wp-block-uagb-image__figure:hover .wp-block-uagb-image--layout-overlay__inner .uagb-image-caption{opacity: 1;}.uagb-block-52805307.wp-block-uagb-image .wp-block-uagb-image__figure:hover .wp-block-uagb-image--layout-overlay__inner .uagb-image-separator{opacity: 1;}.uagb-block-52805307.wp-block-uagb-image--layout-default figure:hover img{box-shadow: 0px 0px 0 #00000070;}.uagb-block-52805307.wp-block-uagb-image--layout-overlay figure:hover img{box-shadow: 0px 0px 0 #00000070;}@media only screen and (max-width: 976px) {.uagb-block-52805307.wp-block-uagb-image .wp-block-uagb-image__figure img{width: px;height: auto;}}@media only screen and (max-width: 767px) {.uagb-block-52805307.wp-block-uagb-image .wp-block-uagb-image__figure img{width: px;height: auto;}}\";s:2:\"js\";s:0:\"\";s:18:\"current_block_list\";a:14:{i:0;s:14:\"core\/paragraph\";i:1;s:10:\"core\/quote\";i:2;s:9:\"core\/html\";i:3;s:11:\"core\/search\";i:4;s:10:\"core\/group\";i:5;s:12:\"core\/heading\";i:6;s:17:\"core\/latest-posts\";i:7;s:20:\"core\/latest-comments\";i:8;s:13:\"core\/archives\";i:9;s:15:\"core\/categories\";i:10;s:10:\"core\/embed\";i:11;s:10:\"core\/image\";i:12;s:11:\"core\/spacer\";i:13;s:10:\"uagb\/image\";}s:8:\"uag_flag\";b:1;s:11:\"uag_version\";s:10:\"1777390771\";s:6:\"gfonts\";a:0:{}s:10:\"gfonts_url\";s:0:\"\";s:12:\"gfonts_files\";a:0:{}s:14:\"uag_faq_layout\";b:0;}"]},"uagb_featured_image_src":{"full":false,"thumbnail":false,"medium":false,"medium_large":false,"large":false,"1536x1536":false,"2048x2048":false,"trp-custom-language-flag":false},"uagb_author_info":{"display_name":"webmaster","author_link":"https:\/\/oneexample.com\/de\/author\/admin\/"},"uagb_comment_info":0,"uagb_excerpt":"HUMAN INTELLIGENCE (HI) is learning from experience, adapting to new situations, understanding abstract concepts, and using knowledge. OneExample.com empowers entrepreneurs worldwide by providing all of the\u00a0HUMAN + ARTIFICIAL help, INTELLIGENCE, and training with the tools they need to succeed online. Hi there! I&#8217;m Steve, the guy who pushes pixels and answers all the questions (sometimes&hellip;","_links":{"self":[{"href":"https:\/\/oneexample.com\/de\/wp-json\/wp\/v2\/pages\/2","targetHints":{"allow":["GET"]}}],"collection":[{"href":"https:\/\/oneexample.com\/de\/wp-json\/wp\/v2\/pages"}],"about":[{"href":"https:\/\/oneexample.com\/de\/wp-json\/wp\/v2\/types\/page"}],"author":[{"embeddable":true,"href":"https:\/\/oneexample.com\/de\/wp-json\/wp\/v2\/users\/1"}],"replies":[{"embeddable":true,"href":"https:\/\/oneexample.com\/de\/wp-json\/wp\/v2\/comments?post=2"}],"version-history":[{"count":0,"href":"https:\/\/oneexample.com\/de\/wp-json\/wp\/v2\/pages\/2\/revisions"}],"wp:attachment":[{"href":"https:\/\/oneexample.com\/de\/wp-json\/wp\/v2\/media?parent=2"}],"curies":[{"name":"wp","href":"https:\/\/api.w.org\/{rel}","templated":true}]}}